{"id":2449,"date":"2024-02-18T16:54:04","date_gmt":"2024-02-18T16:54:04","guid":{"rendered":"https:\/\/40792693.servicio-online.net\/wordpress\/index.php\/galerias-privadas-3\/"},"modified":"2024-07-10T10:38:46","modified_gmt":"2024-07-10T10:38:46","slug":"galerias-privadas-3","status":"publish","type":"page","link":"https:\/\/aerovistas.es\/index.php\/galerias-privadas-3\/","title":{"rendered":"Galer\u00edas"},"content":{"rendered":"\n<h2 class=\"wp-block-heading\"><strong>Galer\u00eda <\/strong><\/h2>\n\n\n\n<p class=\"has-medium-font-size\">Bienvenido a nuestra galer\u00eda , donde le mostraremos las fotograf\u00edas que puede comprar, para decoraci\u00f3n de eventos, despachos, o cualquier otro lugar, impresas en distintos materiales y tama\u00f1os, sin necesidad de realizar un reportaje completo.<\/p>\n\n\n\n<p class=\"has-medium-font-size\"><\/p>\n\n\n\n\t<div id=\"sunshine--gallery-items\" class=\"sunshine--layout--justified sunshine--col-4\">\n\n\t<figure class=\"sunshine--gallery-item \" id=\"sunshine--gallery-7615\"\n\t\t\t\t\t\t\t\t\t\t\t\t\t\t\t\t \t style=\"--width:400;--height:225\">\n\n\t\n\t<a href=\"https:\/\/aerovistas.es\/index.php\/galerias-privadas-3\/gallery\/pueblos\/\"><img decoding=\"async\" src=\"https:\/\/aerovistas.es\/wp-content\/uploads\/sunshine\/7586\/Aragoneses-002-400x225.jpg\" loading=\"lazy\" class=\"sunshine--image--7590\" alt=\"Aragoneses-002\" \/><\/a>\n\t<h2><a href=\"https:\/\/aerovistas.es\/index.php\/galerias-privadas-3\/gallery\/pueblos\/\">Pueblos<\/a><\/h2>\n\n\t\n<\/figure>\n<figure class=\"sunshine--gallery-item \" id=\"sunshine--gallery-7614\"\n\t\t\t\t\t\t\t\t\t\t\t\t\t\t\t\t \t style=\"--width:400;--height:286\">\n\n\t\n\t<a href=\"https:\/\/aerovistas.es\/index.php\/galerias-privadas-3\/gallery\/paisajes\/\"><img decoding=\"async\" src=\"https:\/\/aerovistas.es\/wp-content\/uploads\/sunshine\/7602\/Barracas-de-Burujon-002-400x286.jpg\" loading=\"lazy\" class=\"sunshine--image--7604\" alt=\"Barracas-de-Burujon-002\" \/><\/a>\n\t<h2><a href=\"https:\/\/aerovistas.es\/index.php\/galerias-privadas-3\/gallery\/paisajes\/\">Paisajes<\/a><\/h2>\n\n\t\n<\/figure>\n<figure class=\"sunshine--gallery-item \" id=\"sunshine--gallery-4025\"\n\t\t\t\t\t\t\t\t\t\t\t\t\t\t\t\t \t style=\"--width:400;--height:286\">\n\n\t\n\t<a href=\"https:\/\/aerovistas.es\/index.php\/galerias-privadas-3\/gallery\/parroquia-cristo-liberador-parla\/\"><img decoding=\"async\" src=\"https:\/\/aerovistas.es\/wp-content\/uploads\/2024\/07\/Aragoneses-003-400x286.jpg\" loading=\"lazy\" class=\"sunshine--image--7519\" alt=\"Aragoneses-003\" \/><\/a>\n\t<h2><a href=\"https:\/\/aerovistas.es\/index.php\/galerias-privadas-3\/gallery\/parroquia-cristo-liberador-parla\/\">Fotograf\u00eda Monumentos<\/a><\/h2>\n\n\t\n<\/figure>\n\n\t<\/div>\n\n\t\n\n","protected":false},"excerpt":{"rendered":"<p>Galer\u00eda Bienvenido a nuestra galer\u00eda , donde le mostraremos las fotograf\u00edas que puede comprar, para decoraci\u00f3n de eventos, despachos, o cualquier otro lugar, impresas en distintos materiales y tama\u00f1os, sin necesidad de realizar un reportaje completo.<\/p>\n","protected":false},"author":1,"featured_media":0,"parent":0,"menu_order":0,"comment_status":"closed","ping_status":"closed","template":"","meta":{"_acf_changed":false,"_uag_custom_page_level_css":"","site-sidebar-layout":"default","site-content-layout":"","ast-site-content-layout":"default","site-content-style":"default","site-sidebar-style":"default","ast-global-header-display":"","ast-banner-title-visibility":"","ast-main-header-display":"","ast-hfb-above-header-display":"","ast-hfb-below-header-display":"","ast-hfb-mobile-header-display":"","site-post-title":"","ast-breadcrumbs-content":"","ast-featured-img":"","footer-sml-layout":"disabled","ast-disable-related-posts":"","theme-transparent-header-meta":"","adv-header-id-meta":"","stick-header-meta":"","header-above-stick-meta":"","header-main-stick-meta":"","header-below-stick-meta":"","astra-migrate-meta-layouts":"set","ast-page-background-enabled":"default","ast-page-background-meta":{"desktop":{"background-color":"var(--ast-global-color-4)","background-image":"","background-repeat":"repeat","background-position":"center center","background-size":"auto","background-attachment":"scroll","background-type":"","background-media":"","overlay-type":"","overlay-color":"","overlay-opacity":"","overlay-gradient":""},"tablet":{"background-color":"","background-image":"","background-repeat":"repeat","background-position":"center center","background-size":"auto","background-attachment":"scroll","background-type":"","background-media":"","overlay-type":"","overlay-color":"","overlay-opacity":"","overlay-gradient":""},"mobile":{"background-color":"","background-image":"","background-repeat":"repeat","background-position":"center center","background-size":"auto","background-attachment":"scroll","background-type":"","background-media":"","overlay-type":"","overlay-color":"","overlay-opacity":"","overlay-gradient":""}},"ast-content-background-meta":{"desktop":{"background-color":"var(--ast-global-color-5)","background-image":"","background-repeat":"repeat","background-position":"center center","background-size":"auto","background-attachment":"scroll","background-type":"","background-media":"","overlay-type":"","overlay-color":"","overlay-opacity":"","overlay-gradient":""},"tablet":{"background-color":"var(--ast-global-color-5)","background-image":"","background-repeat":"repeat","background-position":"center center","background-size":"auto","background-attachment":"scroll","background-type":"","background-media":"","overlay-type":"","overlay-color":"","overlay-opacity":"","overlay-gradient":""},"mobile":{"background-color":"var(--ast-global-color-5)","background-image":"","background-repeat":"repeat","background-position":"center center","background-size":"auto","background-attachment":"scroll","background-type":"","background-media":"","overlay-type":"","overlay-color":"","overlay-opacity":"","overlay-gradient":""}},"footnotes":""},"class_list":["post-2449","page","type-page","status-publish","hentry"],"acf":[],"uagb_featured_image_src":{"full":false,"thumbnail":false,"medium":false,"medium_large":false,"large":false,"1536x1536":false,"2048x2048":false,"sunshine-thumbnail":false,"sunshine-large":false,"mailpoet_newsletter_max":false,"woocommerce_thumbnail":false,"woocommerce_single":false,"woocommerce_gallery_thumbnail":false,"variation_swatches_image_size":false,"variation_swatches_tooltip_size":false},"uagb_author_info":{"display_name":"admin","author_link":"https:\/\/aerovistas.es\/index.php\/author\/info_42p8a2vi\/"},"uagb_comment_info":0,"uagb_excerpt":"Galer\u00eda Bienvenido a nuestra galer\u00eda , donde le mostraremos las fotograf\u00edas que puede comprar, para decoraci\u00f3n de eventos, despachos, o cualquier otro lugar, impresas en distintos materiales y tama\u00f1os, sin necesidad de realizar un reportaje completo.","_links":{"self":[{"href":"https:\/\/aerovistas.es\/index.php\/wp-json\/wp\/v2\/pages\/2449","targetHints":{"allow":["GET"]}}],"collection":[{"href":"https:\/\/aerovistas.es\/index.php\/wp-json\/wp\/v2\/pages"}],"about":[{"href":"https:\/\/aerovistas.es\/index.php\/wp-json\/wp\/v2\/types\/page"}],"author":[{"embeddable":true,"href":"https:\/\/aerovistas.es\/index.php\/wp-json\/wp\/v2\/users\/1"}],"replies":[{"embeddable":true,"href":"https:\/\/aerovistas.es\/index.php\/wp-json\/wp\/v2\/comments?post=2449"}],"version-history":[{"count":3,"href":"https:\/\/aerovistas.es\/index.php\/wp-json\/wp\/v2\/pages\/2449\/revisions"}],"predecessor-version":[{"id":7563,"href":"https:\/\/aerovistas.es\/index.php\/wp-json\/wp\/v2\/pages\/2449\/revisions\/7563"}],"wp:attachment":[{"href":"https:\/\/aerovistas.es\/index.php\/wp-json\/wp\/v2\/media?parent=2449"}],"curies":[{"name":"wp","href":"https:\/\/api.w.org\/{rel}","templated":true}]}}