{"id":1964,"date":"2024-01-15T18:23:16","date_gmt":"2024-01-15T18:23:16","guid":{"rendered":"https:\/\/40792693.servicio-online.net\/wordpress\/?page_id=1964"},"modified":"2024-07-10T08:45:04","modified_gmt":"2024-07-10T08:45:04","slug":"historia-2","status":"publish","type":"page","link":"https:\/\/aerovistas.es\/index.php\/historia-2\/","title":{"rendered":"Historia"},"content":{"rendered":"\n<h2 class=\"wp-block-heading\"><strong>Nuestra Historia<\/strong><\/h2>\n\n\n\n<div class=\"wp-block-uagb-container uagb-block-15da0af1 alignfull uagb-is-root-container\"><div class=\"uagb-container-inner-blocks-wrap\">\n<div class=\"wp-block-uagb-container uagb-block-9d3037cd\">\n<p class=\"has-ast-global-color-3-color has-text-color has-link-color wp-elements-a6c4fbd121ddf379c5a1cade955c2619\">Aero vistas se fund\u00f3 en el a\u00f1o 2015, cuando empezamos apostar por los\u00a0Drones, ya que se avecinaba un mundo nuevo por explorar, donde nos iba a facilitar nuevos puntos de vista y diferentes \u00e1ngulos de fotograf\u00eda y video abaratando los costes.<\/p>\n\n\n\n<p class=\"has-ast-global-color-3-color has-text-color has-link-color wp-elements-70596385078d1160a5c2940686f2f19d\">Fue entonces cuando nos dimos cuenta, que no era un mundo de f\u00e1cil acceso, ya que no se pod\u00eda utilizar un drone donde nosotros quisi\u00e9ramos y de la forma que quisi\u00e9ramos.<\/p>\n\n\n\n<p class=\"has-ast-global-color-3-color has-text-color has-link-color wp-elements-deac3bf3cc3cd0906ea61a52e88b0988\">La legislaci\u00f3n actual que nos encontramos en ese momento (Real Decreto 552\/2014, de 27 de junio) nos permit\u00eda el vuelo en dos escenarios posibles:<\/p>\n\n\n\n<ul class=\"wp-block-list\">\n<li>En campo abierto en zona rural, lejos de una zona Urbana y de un aeropuerto.<\/li>\n\n\n\n<li>En zonas habilitadas para el vuelo deportivo (aer\u00f3dromos)<\/li>\n<\/ul>\n\n\n\n<p class=\"has-ast-global-color-3-color has-text-color has-link-color wp-elements-2bdb5754a7965dd091a76041edd782cd\">Dejando nuestro proyecto parado, por no poder ofrecer un servicio&nbsp;\u00f3ptimo.<\/p>\n\n\n\n<p class=\"has-ast-global-color-3-color has-text-color has-link-color wp-elements-873045e3f3f974ba6ab7658eca0897bc\">No fue hasta Diciembre de 2017, cuando cambi\u00f3 la legislaci\u00f3n, reformando el real decreto 522\/2104 por el Real Decreto 1036\/2017, de 15 de diciembre, aprobado en el consejo de ministros, donde ya nos permiten el vuelo en otros escenarios, como:<\/p>\n\n\n\n<ul class=\"wp-block-list\">\n<li>Aglomeraciones de edificios.<\/li>\n\n\n\n<li>Aglomeraciones de personas<\/li>\n\n\n\n<li>Zonas CTR, cerca y dentro de aeropuertos.<\/li>\n\n\n\n<li>Vuelos nocturnos.<\/li>\n<\/ul>\n\n\n\n<p class=\"has-ast-global-color-3-color has-text-color has-link-color wp-elements-83dbcbbc7f03574eb907ccd1557a294f\">A una altitud m\u00e1xima de 120m de altura, suficiente para realizar planos nunca vistos, ya que en ciertos escenarios no es posible bajar a esa altura con avioneta.<\/p>\n\n\n\n<p class=\"has-ast-global-color-3-color has-text-color has-link-color wp-elements-cbcd962f8b10486ab8250a3acc4270b6\">&nbsp;<br>Ah\u00ed fu\u00e9&nbsp;donde retomamos de nuevo nuestro proyecto, y nos pusimos a trabajar, sobre la preparaci\u00f3n de nuestra operadora (Aero Vistas), la formaci\u00f3n de nuestros pilotos, la renovaci\u00f3n de &nbsp;nuestros equipos ya que los anteriores se quedaron obsoletos y lo m\u00e1s importante y costoso por la dificultad del proceso, la petici\u00f3n de los permisos para poder operar en los nuevos escenarios.<\/p>\n\n\n\n<p class=\"has-ast-global-color-3-color has-text-color has-link-color wp-elements-9e0876cc87183bda9230227c17f1d390\">A d\u00eda de hoy somos una de las pocas operadoras que contamos con los permisos de ENAIRE y AESA, para poder realizar vuelos sobre aglomeraciones de personas, sobre aglomeraciones de edificios y en zona CTR&nbsp;adem\u00e1s&nbsp;de contar con un seguro aeron\u00e1utico.<\/p>\n\n\n\n<p class=\"has-ast-global-color-3-color has-text-color has-link-color wp-elements-6020e05d858da95bbdf6a7d97c8b751c\">Nos obstante seguimos formando a nuestros pilotos e investigando continuamente para ofrecer un servicio optimo de calidad y seguridad a nuestros clientes, actuando siempre bajo el marco de la legislaci\u00f3n vigente.<\/p>\n<\/div>\n<\/div><\/div>\n\n\n\n<p><\/p>\n","protected":false},"excerpt":{"rendered":"<p>Nuestra Historia Aero vistas se fund\u00f3 en el a\u00f1o 2015, cuando empezamos apostar por los\u00a0Drones, ya que se avecinaba un mundo nuevo por explorar, donde nos iba a facilitar nuevos puntos de vista y diferentes \u00e1ngulos de fotograf\u00eda y video abaratando los costes. Fue entonces cuando nos dimos cuenta, que no era un mundo de [&hellip;]<\/p>\n","protected":false},"author":1,"featured_media":0,"parent":0,"menu_order":0,"comment_status":"closed","ping_status":"closed","template":"","meta":{"_acf_changed":false,"_uag_custom_page_level_css":"","site-sidebar-layout":"default","site-content-layout":"","ast-site-content-layout":"default","site-content-style":"default","site-sidebar-style":"default","ast-global-header-display":"","ast-banner-title-visibility":"","ast-main-header-display":"","ast-hfb-above-header-display":"","ast-hfb-below-header-display":"","ast-hfb-mobile-header-display":"","site-post-title":"","ast-breadcrumbs-content":"","ast-featured-img":"","footer-sml-layout":"","ast-disable-related-posts":"","theme-transparent-header-meta":"","adv-header-id-meta":"","stick-header-meta":"","header-above-stick-meta":"","header-main-stick-meta":"","header-below-stick-meta":"","astra-migrate-meta-layouts":"set","ast-page-background-enabled":"default","ast-page-background-meta":{"desktop":{"background-color":"var(--ast-global-color-4)","background-image":"","background-repeat":"repeat","background-position":"center center","background-size":"auto","background-attachment":"scroll","background-type":"","background-media":"","overlay-type":"","overlay-color":"","overlay-opacity":"","overlay-gradient":""},"tablet":{"background-color":"","background-image":"","background-repeat":"repeat","background-position":"center center","background-size":"auto","background-attachment":"scroll","background-type":"","background-media":"","overlay-type":"","overlay-color":"","overlay-opacity":"","overlay-gradient":""},"mobile":{"background-color":"","background-image":"","background-repeat":"repeat","background-position":"center center","background-size":"auto","background-attachment":"scroll","background-type":"","background-media":"","overlay-type":"","overlay-color":"","overlay-opacity":"","overlay-gradient":""}},"ast-content-background-meta":{"desktop":{"background-color":"var(--ast-global-color-5)","background-image":"","background-repeat":"repeat","background-position":"center center","background-size":"auto","background-attachment":"scroll","background-type":"","background-media":"","overlay-type":"","overlay-color":"","overlay-opacity":"","overlay-gradient":""},"tablet":{"background-color":"var(--ast-global-color-5)","background-image":"","background-repeat":"repeat","background-position":"center center","background-size":"auto","background-attachment":"scroll","background-type":"","background-media":"","overlay-type":"","overlay-color":"","overlay-opacity":"","overlay-gradient":""},"mobile":{"background-color":"var(--ast-global-color-5)","background-image":"","background-repeat":"repeat","background-position":"center center","background-size":"auto","background-attachment":"scroll","background-type":"","background-media":"","overlay-type":"","overlay-color":"","overlay-opacity":"","overlay-gradient":""}},"footnotes":""},"class_list":["post-1964","page","type-page","status-publish","hentry"],"acf":[],"uagb_featured_image_src":{"full":false,"thumbnail":false,"medium":false,"medium_large":false,"large":false,"1536x1536":false,"2048x2048":false,"sunshine-thumbnail":false,"sunshine-large":false,"mailpoet_newsletter_max":false,"woocommerce_thumbnail":false,"woocommerce_single":false,"woocommerce_gallery_thumbnail":false,"variation_swatches_image_size":false,"variation_swatches_tooltip_size":false},"uagb_author_info":{"display_name":"admin","author_link":"https:\/\/aerovistas.es\/index.php\/author\/info_42p8a2vi\/"},"uagb_comment_info":0,"uagb_excerpt":"Nuestra Historia Aero vistas se fund\u00f3 en el a\u00f1o 2015, cuando empezamos apostar por los\u00a0Drones, ya que se avecinaba un mundo nuevo por explorar, donde nos iba a facilitar nuevos puntos de vista y diferentes \u00e1ngulos de fotograf\u00eda y video abaratando los costes. Fue entonces cuando nos dimos cuenta, que no era un mundo de&hellip;","_links":{"self":[{"href":"https:\/\/aerovistas.es\/index.php\/wp-json\/wp\/v2\/pages\/1964","targetHints":{"allow":["GET"]}}],"collection":[{"href":"https:\/\/aerovistas.es\/index.php\/wp-json\/wp\/v2\/pages"}],"about":[{"href":"https:\/\/aerovistas.es\/index.php\/wp-json\/wp\/v2\/types\/page"}],"author":[{"embeddable":true,"href":"https:\/\/aerovistas.es\/index.php\/wp-json\/wp\/v2\/users\/1"}],"replies":[{"embeddable":true,"href":"https:\/\/aerovistas.es\/index.php\/wp-json\/wp\/v2\/comments?post=1964"}],"version-history":[{"count":19,"href":"https:\/\/aerovistas.es\/index.php\/wp-json\/wp\/v2\/pages\/1964\/revisions"}],"predecessor-version":[{"id":7507,"href":"https:\/\/aerovistas.es\/index.php\/wp-json\/wp\/v2\/pages\/1964\/revisions\/7507"}],"wp:attachment":[{"href":"https:\/\/aerovistas.es\/index.php\/wp-json\/wp\/v2\/media?parent=1964"}],"curies":[{"name":"wp","href":"https:\/\/api.w.org\/{rel}","templated":true}]}}