{"id":1848,"date":"2023-12-05T11:05:01","date_gmt":"2023-12-05T11:05:01","guid":{"rendered":"https:\/\/40792693.servicio-online.net\/wordpress\/?page_id=1848"},"modified":"2024-07-10T11:02:21","modified_gmt":"2024-07-10T11:02:21","slug":"inicio","status":"publish","type":"page","link":"https:\/\/aerovistas.es\/","title":{"rendered":"Inicio"},"content":{"rendered":"\n<div class=\"wp-block-uagb-image uagb-block-9aa66a01 wp-block-uagb-image--layout-default wp-block-uagb-image--effect-static wp-block-uagb-image--align-none\"><figure class=\"wp-block-uagb-image__figure\"><img decoding=\"async\" srcset=\"https:\/\/aerovistas.es\/wp-content\/uploads\/2024\/07\/DJI_0009c-copia-1024x768.jpg ,https:\/\/aerovistas.es\/wp-content\/uploads\/2024\/07\/DJI_0009c-copia.jpg 780w, https:\/\/aerovistas.es\/wp-content\/uploads\/2024\/07\/DJI_0009c-copia.jpg 360w\" sizes=\"auto, (max-width: 480px) 150px\" src=\"https:\/\/aerovistas.es\/wp-content\/uploads\/2024\/07\/DJI_0009c-copia-1024x768.jpg\" alt=\"\" class=\"uag-image-7513\" width=\"1024\" height=\"768\" title=\"DCIM100MEDIADJI_0009.JPG\" loading=\"lazy\" role=\"img\"\/><\/figure><\/div>\n\n\n\n<h2 class=\"wp-block-heading has-text-align-center\"><strong>\u00a1Te damos la bienvenida a nuestro sitio web!<\/strong><\/h2>\n\n\n\n<p class=\"has-text-align-center has-ast-global-color-3-color has-text-color has-link-color wp-elements-9c3a21a65e40d6e2c734191ff2f212b1\"><strong>En Aero Vistas ofrecemos un servicio de fotograf\u00eda y&nbsp;<\/strong><strong>v\u00eddeo<\/strong><strong>&nbsp;a\u00e9reo profesional con drone.<\/strong><\/p>\n\n\n\n<p class=\"has-text-align-center has-ast-global-color-3-color has-text-color has-link-color wp-elements-d8a17fe52e2e7f125a83a4d1b8fc7d95\">Somos una&nbsp;operadora certificada por la Agencia Espa\u00f1ola de Seguridad A\u00e9rea (AESA)<\/p>\n\n\n\n<p><\/p>\n\n\n\n<h5 class=\"wp-block-heading has-text-align-center has-ast-global-color-3-color has-text-color has-link-color wp-elements-ee1bf6ff73fe330c821fb01b61bbbdd2\"><strong>\u00bftiene un evento?, pida presupuesto&nbsp;<\/strong><a href=\"https:\/\/aerovistas.es\/index.php\/pidanos-presupuesto-para-su-evento\/\"><strong>aqu\u00ed.<\/strong><\/a><\/h5>\n\n\n\n<p><\/p>\n\n\n\n<div class=\"wp-block-uagb-image uagb-block-1f07c43d wp-block-uagb-image--layout-default wp-block-uagb-image--effect-static wp-block-uagb-image--align-none\"><figure class=\"wp-block-uagb-image__figure\"><img decoding=\"async\" srcset=\"https:\/\/aerovistas.es\/wp-content\/uploads\/2024\/07\/Aragoneses-002bn-2-1024x575.jpg ,https:\/\/aerovistas.es\/wp-content\/uploads\/2024\/07\/Aragoneses-002bn-2.jpg 780w, https:\/\/aerovistas.es\/wp-content\/uploads\/2024\/07\/Aragoneses-002bn-2.jpg 360w\" sizes=\"auto, (max-width: 480px) 150px\" src=\"https:\/\/aerovistas.es\/wp-content\/uploads\/2024\/07\/Aragoneses-002bn-2-1024x575.jpg\" alt=\"\" class=\"uag-image-7524\" width=\"498\" height=\"280\" title=\"Aragoneses-002bn-2\" loading=\"lazy\" role=\"img\"\/><\/figure><\/div>\n\n\n\n<p class=\"has-text-align-center has-ast-global-color-3-color has-text-color has-link-color wp-elements-ef33a0eb00439ea45bb4b6c62a77ea00\"><a href=\"https:\/\/aerovistas.es\/index.php\/galerias-privadas-3\/\" data-type=\"page\" data-id=\"2449\">Visita Nuestra Galer\u00eda.<\/a><\/p>\n\n\n\n<div class=\"wp-block-uagb-container uagb-block-270f8a1b default uagb-is-root-container\">\n<div class=\"wp-block-uagb-container uagb-block-0d5bbfdb\">\n<div class=\"wp-block-group is-layout-constrained wp-block-group-is-layout-constrained\">\n<div class=\"wp-block-columns is-layout-flex wp-container-core-columns-is-layout-28f84493 wp-block-columns-is-layout-flex\">\n<div class=\"wp-block-column is-layout-flow wp-block-column-is-layout-flow\" style=\"flex-basis:100%\">\n<div class=\"wp-block-group is-layout-constrained wp-block-group-is-layout-constrained\">\n<div class=\"wp-block-uagb-container uagb-block-493dcb32\">\n<div class=\"wp-block-uagb-container uagb-block-e8a5c638\">\n<div class=\"wp-block-columns is-layout-flex wp-container-core-columns-is-layout-28f84493 wp-block-columns-is-layout-flex\">\n<div class=\"wp-block-column is-layout-flow wp-block-column-is-layout-flow\" style=\"flex-basis:100%\">\n<div class=\"wp-block-uagb-forms uagb-forms__outer-wrap uagb-block-4c3e920a uagb-forms__medium-btn\"><form class=\"uagb-forms-main-form\" method=\"post\" autocomplete=\"on\" name=\"uagb-form-4c3e920a\">\n<div class=\"wp-block-uagb-forms-name uagb-forms-name-wrap uagb-forms-field-set uagb-block-a2b2702d\"><div class=\"uagb-forms-name-label required uagb-forms-input-label\" id=\"a2b2702d\"><mark style=\"background-color:rgba(0, 0, 0, 0)\" class=\"has-inline-color has-ast-global-color-2-color\">Reg\u00edstrate y recibe todas nuestra promociones.<\/mark><br><br>Nombre<\/div><input type=\"text\" placeholder=\"Juan S\u00e1nchez Gonzalez\" required class=\"uagb-forms-name-input uagb-forms-input\" name=\"a2b2702d\" autocomplete=\"name\"\/><\/div>\n\n\n\n<div class=\"wp-block-uagb-forms-email uagb-forms-email-wrap uagb-forms-field-set uagb-block-1c46be15\"><div class=\"uagb-forms-email-label required uagb-forms-input-label\" id=\"1c46be15\">Correo electr\u00f3nico<\/div><input type=\"email\" class=\"uagb-forms-email-input uagb-forms-input\" placeholder=\"ejemplo@correo.es\" required name=\"1c46be15\" autocomplete=\"email\"\/><\/div>\n\n\n\n<div class=\"wp-block-uagb-forms-checkbox uagb-forms-checkbox-wrap uagb-forms-field-set uagb-block-bb45f992\"><div class=\"uagb-forms-checkbox-label required uagb-forms-input-label\" id=\"bb45f992\">Campos obligatorios<\/div><input type=\"checkbox\" class=\"uagb-forms-checkbox\" id=\"checkbox-acepto-la-pol\u00edtica-de-privacidad-y-confirmo-que-mi-informaci\u00f3n-personal-se-puede-utilizar-de-acuerdo-con-la-ley.-bb45f992\" name=\"Campos obligatorios[]\" value=\"Acepto la pol\u00edtica de privacidad y confirmo que mi informaci\u00f3n personal se puede utilizar de acuerdo con la ley.\" required\/><label for=\"checkbox-acepto-la-pol\u00edtica-de-privacidad-y-confirmo-que-mi-informaci\u00f3n-personal-se-puede-utilizar-de-acuerdo-con-la-ley.-bb45f992\">Acepto la pol\u00edtica de privacidad y confirmo que mi informaci\u00f3n personal se puede utilizar de acuerdo con la ley.<\/label><br\/><\/div>\n<div class=\"uagb-forms-form-hidden-data\"><input type=\"hidden\" class=\"uagb_forms_form_label\" value=\"Formulario Spectra\"\/><input type=\"hidden\" class=\"uagb_forms_form_id\" value=\"uagb-form-4c3e920a\"\/><\/div><div class=\"uagb-form-reacaptcha-error-4c3e920a\"><\/div><div class=\"uagb-forms-main-submit-button-wrap wp-block-button\"><button class=\"uagb-forms-main-submit-button wp-block-button__link\"><div class=\"uagb-forms-main-submit-button-text\">Enviar<\/div><\/button><\/div><\/form><div class=\"uagb-forms-success-message-4c3e920a uagb-forms-submit-message-hide\"><span>\u00a1Su solicitud ha sido enviado correctamente!<\/span><\/div><div class=\"uagb-forms-failed-message-4c3e920a uagb-forms-submit-message-hide\"><span>Ha ocurrido alg\u00fan error al enviar el formulario. Por favor, revisa de nuevo todos los campos.<\/span><\/div><\/div>\n<\/div>\n<\/div>\n<\/div>\n\n\n\n<div class=\"wp-block-columns are-vertically-aligned-center is-layout-flex wp-container-core-columns-is-layout-28f84493 wp-block-columns-is-layout-flex\">\n<div class=\"wp-block-column is-layout-flow wp-block-column-is-layout-flow\"><\/div>\n<\/div>\n<\/div>\n<\/div>\n<\/div>\n<\/div>\n<\/div>\n<\/div>\n<\/div>\n\n\n\n<div class=\"wp-block-uagb-container uagb-block-d3b1ec68 alignfull uagb-is-root-container\"><div class=\"uagb-container-inner-blocks-wrap\">\n<div class=\"wp-block-uagb-container uagb-block-2d01840a\">\n<div class=\"wp-block-uagb-info-box uagb-block-59cd6257 uagb-infobox__content-wrap  uagb-infobox-icon-left uagb-infobox-left uagb-infobox-stacked-mobile uagb-infobox-image-valign-middle\"><div class=\"uagb-ifb-icon-wrap\"><div class=\"uagb-iconbox-icon-wrap uagb-infobox-shape-circle\"><svg xmlns=\"https:\/\/www.w3.org\/2000\/svg\" viewBox=\"0 0 640 512\"><path d=\"M112 0C85.49 0 64 21.49 64 48V96H16C7.163 96 0 103.2 0 112C0 120.8 7.163 128 16 128H272C280.8 128 288 135.2 288 144C288 152.8 280.8 160 272 160H48C39.16 160 32 167.2 32 176C32 184.8 39.16 192 48 192H240C248.8 192 256 199.2 256 208C256 216.8 248.8 224 240 224H16C7.163 224 0 231.2 0 240C0 248.8 7.163 256 16 256H208C216.8 256 224 263.2 224 272C224 280.8 216.8 288 208 288H64V416C64 469 106.1 512 160 512C213 512 256 469 256 416H384C384 469 426.1 512 480 512C533 512 576 469 576 416H608C625.7 416 640 401.7 640 384C640 366.3 625.7 352 608 352V237.3C608 220.3 601.3 204 589.3 192L512 114.7C499.1 102.7 483.7 96 466.7 96H416V48C416 21.49 394.5 0 368 0H112zM544 237.3V256H416V160H466.7L544 237.3zM160 464C133.5 464 112 442.5 112 416C112 389.5 133.5 368 160 368C186.5 368 208 389.5 208 416C208 442.5 186.5 464 160 464zM528 416C528 442.5 506.5 464 480 464C453.5 464 432 442.5 432 416C432 389.5 453.5 368 480 368C506.5 368 528 389.5 528 416z\"><\/path><\/svg><\/div><\/div><div class=\"uagb-ifb-content\"><div class=\"uagb-ifb-title-wrap\"><h6 class=\"uagb-ifb-title\">e<font style=\"vertical-align: inherit;\"><font style=\"vertical-align: inherit;\">ntrega Gratis<\/font><\/font><\/h6><\/div><p class=\"uagb-ifb-desc\"><font style=\"vertical-align: inherit;\"><font style=\"vertical-align: inherit;\">Solo para recogida en tienda asociada.<\/font><\/font><\/p><\/div><\/div>\n<\/div>\n\n\n\n<div class=\"wp-block-uagb-container uagb-block-fd6cd65a\">\n<div class=\"wp-block-uagb-info-box uagb-block-62f66675 uagb-infobox__content-wrap  uagb-infobox-icon-left uagb-infobox-left uagb-infobox-stacked-mobile uagb-infobox-image-valign-middle\"><div class=\"uagb-ifb-icon-wrap\"><div class=\"uagb-iconbox-icon-wrap uagb-infobox-shape-circle\"><svg xmlns=\"https:\/\/www.w3.org\/2000\/svg\" viewBox=\"0 0 576 512\"><path d=\"M512 32C547.3 32 576 60.65 576 96V128H0V96C0 60.65 28.65 32 64 32H512zM576 416C576 451.3 547.3 480 512 480H64C28.65 480 0 451.3 0 416V224H576V416zM112 352C103.2 352 96 359.2 96 368C96 376.8 103.2 384 112 384H176C184.8 384 192 376.8 192 368C192 359.2 184.8 352 176 352H112zM240 384H368C376.8 384 384 376.8 384 368C384 359.2 376.8 352 368 352H240C231.2 352 224 359.2 224 368C224 376.8 231.2 384 240 384z\"><\/path><\/svg><\/div><\/div><div class=\"uagb-ifb-content\"><div class=\"uagb-ifb-title-wrap\"><h6 class=\"uagb-ifb-title\"><font style=\"vertical-align: inherit;\"><font style=\"vertical-align: inherit;\">P<\/font><\/font>AGO FACIL <\/h6><\/div><p class=\"uagb-ifb-desc\"><font style=\"vertical-align: inherit;\"><font style=\"vertical-align: inherit;\">Trasnferencia \/ Biz\u00fam<\/font><\/font><\/p><\/div><\/div>\n<\/div>\n\n\n\n<div class=\"wp-block-uagb-container uagb-block-54599441\">\n<div class=\"wp-block-uagb-info-box uagb-block-d13f2aab uagb-infobox__content-wrap  uagb-infobox-icon-left uagb-infobox-left uagb-infobox-stacked-mobile uagb-infobox-image-valign-middle\"><div class=\"uagb-ifb-icon-wrap\"><div class=\"uagb-iconbox-icon-wrap uagb-infobox-shape-circle\"><svg xmlns=\"https:\/\/www.w3.org\/2000\/svg\" viewBox=\"0 0 640 512\"><path d=\"M0 383.9l64 .0404c17.75 0 32-14.29 32-32.03V128.3L0 128.3V383.9zM48 320.1c8.75 0 16 7.118 16 15.99c0 8.742-7.25 15.99-16 15.99S32 344.8 32 336.1C32 327.2 39.25 320.1 48 320.1zM348.8 64c-7.941 0-15.66 2.969-21.52 8.328L228.9 162.3C228.8 162.5 228.8 162.7 228.6 162.7C212 178.3 212.3 203.2 226.5 218.7c12.75 13.1 39.38 17.62 56.13 2.75C282.8 221.3 282.9 221.3 283 221.2l79.88-73.1c6.5-5.871 16.75-5.496 22.62 1c6 6.496 5.5 16.62-1 22.62l-26.12 23.87L504 313.7c2.875 2.496 5.5 4.996 7.875 7.742V127.1c-40.98-40.96-96.48-63.88-154.4-63.88L348.8 64zM334.6 217.4l-30 27.49c-29.75 27.11-75.25 24.49-101.8-4.371C176 211.2 178.1 165.7 207.3 138.9L289.1 64H282.5C224.7 64 169.1 87.08 128.2 127.9L128 351.8l18.25 .0369l90.5 81.82c27.5 22.37 67.75 18.12 90-9.246l18.12 15.24c15.88 12.1 39.38 10.5 52.38-5.371l31.38-38.6l5.374 4.498c13.75 11 33.88 9.002 45-4.748l9.538-11.78c11.12-13.75 9.036-33.78-4.694-44.93L334.6 217.4zM544 128.4v223.6c0 17.62 14.25 32.05 31.1 32.05L640 384V128.1L544 128.4zM592 352c-8.75 0-16-7.246-16-15.99c0-8.875 7.25-15.99 16-15.99S608 327.2 608 336.1C608 344.8 600.8 352 592 352z\"><\/path><\/svg><\/div><\/div><div class=\"uagb-ifb-content\"><div class=\"uagb-ifb-title-wrap\"><h6 class=\"uagb-ifb-title\">Compromiso <\/h6><\/div><p class=\"uagb-ifb-desc\">Desde 2015 ofreciendo calidad y servicio <\/p><\/div><\/div>\n<\/div>\n<\/div><\/div>\n","protected":false},"excerpt":{"rendered":"<p>\u00a1Te damos la bienvenida a nuestro sitio web! En Aero Vistas ofrecemos un servicio de fotograf\u00eda y&nbsp;v\u00eddeo&nbsp;a\u00e9reo profesional con drone. Somos una&nbsp;operadora certificada por la Agencia Espa\u00f1ola de Seguridad A\u00e9rea (AESA) \u00bftiene un evento?, pida presupuesto&nbsp;aqu\u00ed. Visita Nuestra Galer\u00eda.<\/p>\n","protected":false},"author":1,"featured_media":7513,"parent":0,"menu_order":0,"comment_status":"closed","ping_status":"closed","template":"","meta":{"_acf_changed":false,"_uag_custom_page_level_css":"","site-sidebar-layout":"no-sidebar","site-content-layout":"","ast-site-content-layout":"normal-width-container","site-content-style":"unboxed","site-sidebar-style":"default","ast-global-header-display":"","ast-banner-title-visibility":"","ast-main-header-display":"","ast-hfb-above-header-display":"","ast-hfb-below-header-display":"","ast-hfb-mobile-header-display":"","site-post-title":"disabled","ast-breadcrumbs-content":"","ast-featured-img":"","footer-sml-layout":"","ast-disable-related-posts":"","theme-transparent-header-meta":"","adv-header-id-meta":"","stick-header-meta":"","header-above-stick-meta":"","header-main-stick-meta":"","header-below-stick-meta":"","astra-migrate-meta-layouts":"set","ast-page-background-enabled":"default","ast-page-background-meta":{"desktop":{"background-color":"var(--ast-global-color-4)","background-image":"","background-repeat":"repeat","background-position":"center center","background-size":"auto","background-attachment":"scroll","background-type":"","background-media":"","overlay-type":"","overlay-color":"","overlay-opacity":"","overlay-gradient":""},"tablet":{"background-color":"","background-image":"","background-repeat":"repeat","background-position":"center center","background-size":"auto","background-attachment":"scroll","background-type":"","background-media":"","overlay-type":"","overlay-color":"","overlay-opacity":"","overlay-gradient":""},"mobile":{"background-color":"","background-image":"","background-repeat":"repeat","background-position":"center center","background-size":"auto","background-attachment":"scroll","background-type":"","background-media":"","overlay-type":"","overlay-color":"","overlay-opacity":"","overlay-gradient":""}},"ast-content-background-meta":{"desktop":{"background-color":"var(--ast-global-color-5)","background-image":"","background-repeat":"repeat","background-position":"center center","background-size":"auto","background-attachment":"scroll","background-type":"","background-media":"","overlay-type":"","overlay-color":"","overlay-opacity":"","overlay-gradient":""},"tablet":{"background-color":"var(--ast-global-color-5)","background-image":"","background-repeat":"repeat","background-position":"center center","background-size":"auto","background-attachment":"scroll","background-type":"","background-media":"","overlay-type":"","overlay-color":"","overlay-opacity":"","overlay-gradient":""},"mobile":{"background-color":"var(--ast-global-color-5)","background-image":"","background-repeat":"repeat","background-position":"center center","background-size":"auto","background-attachment":"scroll","background-type":"","background-media":"","overlay-type":"","overlay-color":"","overlay-opacity":"","overlay-gradient":""}},"footnotes":""},"class_list":["post-1848","page","type-page","status-publish","has-post-thumbnail","hentry"],"acf":[],"uagb_featured_image_src":{"full":["https:\/\/aerovistas.es\/wp-content\/uploads\/2024\/07\/DJI_0009c-copia.jpg",1969,1476,false],"thumbnail":["https:\/\/aerovistas.es\/wp-content\/uploads\/2024\/07\/DJI_0009c-copia-150x150.jpg",150,150,true],"medium":["https:\/\/aerovistas.es\/wp-content\/uploads\/2024\/07\/DJI_0009c-copia-300x225.jpg",300,225,true],"medium_large":["https:\/\/aerovistas.es\/wp-content\/uploads\/2024\/07\/DJI_0009c-copia-768x576.jpg",768,576,true],"large":["https:\/\/aerovistas.es\/wp-content\/uploads\/2024\/07\/DJI_0009c-copia-1024x768.jpg",1024,768,true],"1536x1536":["https:\/\/aerovistas.es\/wp-content\/uploads\/2024\/07\/DJI_0009c-copia-1536x1151.jpg",1536,1151,true],"2048x2048":["https:\/\/aerovistas.es\/wp-content\/uploads\/2024\/07\/DJI_0009c-copia.jpg",1969,1476,false],"sunshine-thumbnail":["https:\/\/aerovistas.es\/wp-content\/uploads\/2024\/07\/DJI_0009c-copia-400x300.jpg",400,300,true],"sunshine-large":["https:\/\/aerovistas.es\/wp-content\/uploads\/2024\/07\/DJI_0009c-copia-1000x750.jpg",1000,750,true],"mailpoet_newsletter_max":["https:\/\/aerovistas.es\/wp-content\/uploads\/2024\/07\/DJI_0009c-copia-1320x989.jpg",1320,989,true],"woocommerce_thumbnail":["https:\/\/aerovistas.es\/wp-content\/uploads\/2024\/07\/DJI_0009c-copia-300x300.jpg",300,300,true],"woocommerce_single":["https:\/\/aerovistas.es\/wp-content\/uploads\/2024\/07\/DJI_0009c-copia-600x450.jpg",600,450,true],"woocommerce_gallery_thumbnail":["https:\/\/aerovistas.es\/wp-content\/uploads\/2024\/07\/DJI_0009c-copia-100x100.jpg",100,100,true],"variation_swatches_image_size":["https:\/\/aerovistas.es\/wp-content\/uploads\/2024\/07\/DJI_0009c-copia-50x50.jpg",50,50,true],"variation_swatches_tooltip_size":["https:\/\/aerovistas.es\/wp-content\/uploads\/2024\/07\/DJI_0009c-copia-100x100.jpg",100,100,true]},"uagb_author_info":{"display_name":"admin","author_link":"https:\/\/aerovistas.es\/index.php\/author\/info_42p8a2vi\/"},"uagb_comment_info":0,"uagb_excerpt":"\u00a1Te damos la bienvenida a nuestro sitio web! En Aero Vistas ofrecemos un servicio de fotograf\u00eda y&nbsp;v\u00eddeo&nbsp;a\u00e9reo profesional con drone. Somos una&nbsp;operadora certificada por la Agencia Espa\u00f1ola de Seguridad A\u00e9rea (AESA) \u00bftiene un evento?, pida presupuesto&nbsp;aqu\u00ed. Visita Nuestra Galer\u00eda.","_links":{"self":[{"href":"https:\/\/aerovistas.es\/index.php\/wp-json\/wp\/v2\/pages\/1848","targetHints":{"allow":["GET"]}}],"collection":[{"href":"https:\/\/aerovistas.es\/index.php\/wp-json\/wp\/v2\/pages"}],"about":[{"href":"https:\/\/aerovistas.es\/index.php\/wp-json\/wp\/v2\/types\/page"}],"author":[{"embeddable":true,"href":"https:\/\/aerovistas.es\/index.php\/wp-json\/wp\/v2\/users\/1"}],"replies":[{"embeddable":true,"href":"https:\/\/aerovistas.es\/index.php\/wp-json\/wp\/v2\/comments?post=1848"}],"version-history":[{"count":67,"href":"https:\/\/aerovistas.es\/index.php\/wp-json\/wp\/v2\/pages\/1848\/revisions"}],"predecessor-version":[{"id":7568,"href":"https:\/\/aerovistas.es\/index.php\/wp-json\/wp\/v2\/pages\/1848\/revisions\/7568"}],"wp:featuredmedia":[{"embeddable":true,"href":"https:\/\/aerovistas.es\/index.php\/wp-json\/wp\/v2\/media\/7513"}],"wp:attachment":[{"href":"https:\/\/aerovistas.es\/index.php\/wp-json\/wp\/v2\/media?parent=1848"}],"curies":[{"name":"wp","href":"https:\/\/api.w.org\/{rel}","templated":true}]}}